{"id":1496,"date":"2025-06-17T21:32:15","date_gmt":"2025-06-17T17:32:15","guid":{"rendered":"https:\/\/duzgun.az\/?page_id=1496"},"modified":"2025-10-23T14:04:50","modified_gmt":"2025-10-23T10:04:50","slug":"haqqinda","status":"publish","type":"page","link":"https:\/\/duzgun.az\/?page_id=1496","title":{"rendered":"Haqq\u0131nda"},"content":{"rendered":"<p><span style=\"font-size: 14pt; font-family: arial, helvetica, sans-serif;\">D\u00fczg\u00fcn.az x\u0259b\u0259r sayt\u0131 17 iyun 2025-ci il tarixind\u0259n f\u0259aliyy\u0259t g\u00f6st\u0259rir.M\u0259qs\u0259dimiz \u00f6lk\u0259d\u0259 v\u0259 d\u00fcnya da ba\u015f ver\u0259n m\u00fcxt\u0259lif y\u00f6n\u00fcml\u00fc hadis\u0259l\u0259rl\u0259 Sizi x\u0259b\u0259rdar etm\u0259kdir. Obyektivliyi v\u0259 q\u0259r\u0259zsizliyi h\u0259d\u0259f\u0259 alaraq 7\/24 saat m\u00fcdd\u0259tind\u0259 oxucular\u0131n x\u0259b\u0259r ehtiyaclar\u0131n\u0131 tam \u015f\u0259kild\u0259 \u00f6d\u0259m\u0259yi h\u0259d\u0259f\u0259 alm\u0131\u015f\u0131q.<\/span><\/p>\n<p><span style=\"font-size: 14pt; font-family: arial, helvetica, sans-serif;\">M\u0259tbuatda d\u00fczg\u00fcnl\u00fcy\u00fcm\u00fcz oxucu m\u0259mnunlu\u011fumuzdur.<\/p>\n<p><\/span><\/p>\n<p><b>T\u0259sis\u00e7i v\u0259 Ba\u015f\u00a0 redaktor: S\u0259buhi\u00a0 Eltonlu<\/b><\/p>\n","protected":false},"excerpt":{"rendered":"<p>D\u00fczg\u00fcn.az x\u0259b\u0259r sayt\u0131 17 iyun 2025-ci il tarixind\u0259n f\u0259aliyy\u0259t g\u00f6st\u0259rir.M\u0259qs\u0259dimiz \u00f6lk\u0259d\u0259 v\u0259 d\u00fcnya da ba\u015f ver\u0259n m\u00fcxt\u0259lif y\u00f6n\u00fcml\u00fc<\/p>\n","protected":false},"author":1,"featured_media":0,"parent":0,"menu_order":0,"comment_status":"closed","ping_status":"closed","template":"","meta":{"footnotes":""},"class_list":["post-1496","page","type-page","status-publish","hentry"],"_links":{"self":[{"href":"https:\/\/duzgun.az\/index.php?rest_route=\/wp\/v2\/pages\/1496","targetHints":{"allow":["GET"]}}],"collection":[{"href":"https:\/\/duzgun.az\/index.php?rest_route=\/wp\/v2\/pages"}],"about":[{"href":"https:\/\/duzgun.az\/index.php?rest_route=\/wp\/v2\/types\/page"}],"author":[{"embeddable":true,"href":"https:\/\/duzgun.az\/index.php?rest_route=\/wp\/v2\/users\/1"}],"replies":[{"embeddable":true,"href":"https:\/\/duzgun.az\/index.php?rest_route=%2Fwp%2Fv2%2Fcomments&post=1496"}],"version-history":[{"count":5,"href":"https:\/\/duzgun.az\/index.php?rest_route=\/wp\/v2\/pages\/1496\/revisions"}],"predecessor-version":[{"id":10521,"href":"https:\/\/duzgun.az\/index.php?rest_route=\/wp\/v2\/pages\/1496\/revisions\/10521"}],"wp:attachment":[{"href":"https:\/\/duzgun.az\/index.php?rest_route=%2Fwp%2Fv2%2Fmedia&parent=1496"}],"curies":[{"name":"wp","href":"https:\/\/api.w.org\/{rel}","templated":true}]}}